{"id":25,"date":"2016-02-10T19:11:40","date_gmt":"2016-02-10T18:11:40","guid":{"rendered":"http:\/\/bogelund.709.dk\/w4\/?page_id=25"},"modified":"2016-02-10T19:11:40","modified_gmt":"2016-02-10T18:11:40","slug":"anne-mette","status":"publish","type":"page","link":"https:\/\/bogelund.eu\/w4\/anne-mette\/","title":{"rendered":"Anne-Mette"},"content":{"rendered":"<p>Anne-Mettes \u00f8nskeseddel er opdateret den 1\/11-2014<\/p>\n<table border=\"1\">\n<thead>\n<tr class=\"highlight\">\n<td>Kategori<\/td>\n<td>\u00d8nske<\/td>\n<td>Beskrivelse<\/td>\n<td>Pris<\/td>\n<td>Forhandler<\/td>\n<\/tr>\n<\/thead>\n<tbody>\n<tr>\n<td><\/td>\n<td><strong>Penge<\/strong><\/td>\n<td><\/td>\n<td><\/td>\n<td><\/td>\n<\/tr>\n<tr>\n<td>B\u00f8ger<\/td>\n<td>Kristina Ohlsson: Davidsstjerner<\/td>\n<td><\/td>\n<td><\/td>\n<td><\/td>\n<\/tr>\n<tr>\n<td><\/td>\n<td><\/td>\n<td><\/td>\n<td><\/td>\n<td><\/td>\n<\/tr>\n<tr>\n<td><\/td>\n<td><\/td>\n<td><\/td>\n<td><\/td>\n<td><\/td>\n<\/tr>\n<tr>\n<td><\/td>\n<td><\/td>\n<td><\/td>\n<td><\/td>\n<td><\/td>\n<\/tr>\n<tr>\n<td><\/td>\n<td><\/td>\n<td><\/td>\n<td><\/td>\n<td><\/td>\n<\/tr>\n<tr>\n<td><\/td>\n<td><\/td>\n<td><\/td>\n<td><\/td>\n<td><\/td>\n<\/tr>\n<tr>\n<td><\/td>\n<td><\/td>\n<td><\/td>\n<td><\/td>\n<td><\/td>\n<\/tr>\n<tr>\n<td>Diverse<\/td>\n<td>K\u00e4hler vase<\/td>\n<td>Med sorte striber, str. M<\/td>\n<td><\/td>\n<td><\/td>\n<\/tr>\n<tr>\n<td><\/td>\n<td>iPad-cover<\/td>\n<td>Drejeligt med &#8220;hakker&#8221;<\/td>\n<td><\/td>\n<td><\/td>\n<\/tr>\n<tr>\n<td><\/td>\n<td><\/td>\n<td><\/td>\n<td><\/td>\n<td><\/td>\n<\/tr>\n<tr>\n<td><\/td>\n<td><\/td>\n<td><\/td>\n<td><\/td>\n<td><\/td>\n<\/tr>\n<tr>\n<td>T\u00f8j<\/td>\n<td>Cardigan m. uld, strik, str. L<\/td>\n<td>Islandsk inspireret<\/td>\n<td><\/td>\n<td><\/td>\n<\/tr>\n<tr>\n<td><\/td>\n<td><\/td>\n<td><\/td>\n<td><\/td>\n<td><\/td>\n<\/tr>\n<tr>\n<td>Service<\/td>\n<td>Erik Bagger: glas til varmt<\/td>\n<td><\/td>\n<td><\/td>\n<td><\/td>\n<\/tr>\n<tr>\n<td><\/td>\n<td>Champagneglas<\/td>\n<td>Flade<\/td>\n<td><\/td>\n<td><\/td>\n<\/tr>\n<tr>\n<td><\/td>\n<td>\u00c6ggekoger<\/td>\n<td>m. fladt l\u00e5g<\/td>\n<td><\/td>\n<td><\/td>\n<\/tr>\n<\/tbody>\n<\/table>\n","protected":false},"excerpt":{"rendered":"<p>Anne-Mettes \u00f8nskeseddel er opdateret den 1\/11-2014 Kategori \u00d8nske Beskrivelse Pris Forhandler Penge B\u00f8ger Kristina Ohlsson: Davidsstjerner Diverse K\u00e4hler vase Med sorte striber, str. M iPad-cover Drejeligt med &#8220;hakker&#8221; T\u00f8j Cardigan m. uld, strik, str. L Islandsk inspireret Service Erik Bagger: glas til varmt Champagneglas Flade \u00c6ggekoger m. fladt l\u00e5g<\/p>\n","protected":false},"author":1,"featured_media":0,"parent":0,"menu_order":0,"comment_status":"closed","ping_status":"closed","template":"","meta":{"footnotes":""},"class_list":["post-25","page","type-page","status-publish","hentry"],"_links":{"self":[{"href":"https:\/\/bogelund.eu\/w4\/wp-json\/wp\/v2\/pages\/25","targetHints":{"allow":["GET"]}}],"collection":[{"href":"https:\/\/bogelund.eu\/w4\/wp-json\/wp\/v2\/pages"}],"about":[{"href":"https:\/\/bogelund.eu\/w4\/wp-json\/wp\/v2\/types\/page"}],"author":[{"embeddable":true,"href":"https:\/\/bogelund.eu\/w4\/wp-json\/wp\/v2\/users\/1"}],"replies":[{"embeddable":true,"href":"https:\/\/bogelund.eu\/w4\/wp-json\/wp\/v2\/comments?post=25"}],"version-history":[{"count":1,"href":"https:\/\/bogelund.eu\/w4\/wp-json\/wp\/v2\/pages\/25\/revisions"}],"predecessor-version":[{"id":26,"href":"https:\/\/bogelund.eu\/w4\/wp-json\/wp\/v2\/pages\/25\/revisions\/26"}],"wp:attachment":[{"href":"https:\/\/bogelund.eu\/w4\/wp-json\/wp\/v2\/media?parent=25"}],"curies":[{"name":"wp","href":"https:\/\/api.w.org\/{rel}","templated":true}]}}