{"id":27,"date":"2016-02-10T19:12:11","date_gmt":"2016-02-10T18:12:11","guid":{"rendered":"http:\/\/bogelund.709.dk\/w4\/?page_id=27"},"modified":"2017-12-03T11:56:30","modified_gmt":"2017-12-03T10:56:30","slug":"henrik","status":"publish","type":"page","link":"https:\/\/bogelund.eu\/w4\/henrik\/","title":{"rendered":"Henrik"},"content":{"rendered":"<p>Henrik&#8217;s \u00f8nskeseddel er opdateret 3\/12-2017<\/p>\n<table style=\"width: 803px;\" border=\"1\">\n<thead>\n<tr class=\"highlight\">\n<td style=\"width: 82px;\">Kategori<\/td>\n<td style=\"width: 131px;\">\u00d8nske<\/td>\n<td style=\"width: 344.233px;\">Beskrivelse<\/td>\n<td style=\"width: 56.7667px;\">Pris<\/td>\n<td style=\"width: 188px;\">Forhandler<\/td>\n<\/tr>\n<\/thead>\n<tbody>\n<tr>\n<td style=\"width: 82px;\">Diverse<\/td>\n<td style=\"width: 131px;\"><\/td>\n<td style=\"width: 344.233px;\"><\/td>\n<td style=\"width: 56.7667px;\"><\/td>\n<td style=\"width: 188px;\"><\/td>\n<\/tr>\n<tr>\n<td style=\"width: 82px;\"><\/td>\n<td style=\"width: 131px;\"><\/td>\n<td style=\"width: 344.233px;\"><\/td>\n<td style=\"width: 56.7667px;\"><\/td>\n<td style=\"width: 188px;\"><\/td>\n<\/tr>\n<tr>\n<td style=\"width: 82px;\"><\/td>\n<td style=\"width: 131px;\"><\/td>\n<td style=\"width: 344.233px;\"><\/td>\n<td style=\"width: 56.7667px;\"><\/td>\n<td style=\"width: 188px;\"><\/td>\n<\/tr>\n<tr>\n<td style=\"width: 82px;\">PC<\/td>\n<td style=\"width: 131px;\">Mus<\/td>\n<td style=\"width: 344.233px;\">BenQ Zowie EC1-A gaming mus &#8211; large<\/td>\n<td style=\"width: 56.7667px;\">529<\/td>\n<td style=\"width: 188px;\">Elgiganten<\/td>\n<\/tr>\n<tr>\n<td style=\"width: 82px;\"><\/td>\n<td style=\"width: 131px;\">Musem\u00e5tte<\/td>\n<td style=\"width: 344.233px;\">BenQ Zowie G-SR Gaming musem\u00e5tte (large)<\/td>\n<td style=\"width: 56.7667px;\">279<\/td>\n<td style=\"width: 188px;\">Elgiganten<\/td>\n<\/tr>\n<tr>\n<td style=\"width: 82px;\"><\/td>\n<td style=\"width: 131px;\"><\/td>\n<td style=\"width: 344.233px;\"><\/td>\n<td style=\"width: 56.7667px;\"><\/td>\n<td style=\"width: 188px;\"><\/td>\n<\/tr>\n<tr>\n<td style=\"width: 82px;\"><\/td>\n<td style=\"width: 131px;\"><\/td>\n<td style=\"width: 344.233px;\"><\/td>\n<td style=\"width: 56.7667px;\"><\/td>\n<td style=\"width: 188px;\"><\/td>\n<\/tr>\n<tr>\n<td style=\"width: 82px;\">Lydb\u00f8ger<\/td>\n<td style=\"width: 131px;\"><\/td>\n<td style=\"width: 344.233px;\"><\/td>\n<td style=\"width: 56.7667px;\"><\/td>\n<td style=\"width: 188px;\"><\/td>\n<\/tr>\n<tr>\n<td style=\"width: 82px;\"><\/td>\n<td style=\"width: 131px;\">Martin Jensen<\/td>\n<td style=\"width: 344.233px;\">&#8220;Mens M\u00f8llen Maler&#8221;, &#8220;Tr\u00e6kfugle&#8221;, &#8220;Magtspor&#8221;, &#8220;Grevens M\u00e6nd&#8221;, &#8220;Mand af \u00c6re&#8221;, &#8220;En Bondes Ord&#8221;, &#8220;Ravneflugt&#8221; &#8220;Den Tredje M\u00f8nt&#8221;, &#8220;Sv\u00e6rets Bid&#8221;<\/td>\n<td style=\"width: 56.7667px;\"><\/td>\n<td style=\"width: 188px;\"><\/td>\n<\/tr>\n<tr>\n<td style=\"width: 82px;\"><\/td>\n<td style=\"width: 131px;\">Andet<\/td>\n<td style=\"width: 344.233px;\">Helst sp\u00e6nding og krimi, men ogs\u00e5 gerne historier fra middelalderen og vikingetiden.<\/td>\n<td style=\"width: 56.7667px;\"><\/td>\n<td style=\"width: 188px;\"><\/td>\n<\/tr>\n<tr>\n<td style=\"width: 82px;\"><\/td>\n<td style=\"width: 131px;\"><\/td>\n<td style=\"width: 344.233px;\"><\/td>\n<td style=\"width: 56.7667px;\"><\/td>\n<td style=\"width: 188px;\"><\/td>\n<\/tr>\n<tr>\n<td style=\"width: 82px;\">&#8216;Rigtige&#8217; b\u00f8ger<\/td>\n<td style=\"width: 131px;\">\u00a0Susan Salo<\/td>\n<td style=\"width: 344.233px;\">\u00a0Jumping grid workbook<\/td>\n<td style=\"width: 56.7667px;\"><\/td>\n<td style=\"width: 188px;\"><\/td>\n<\/tr>\n<tr>\n<td style=\"width: 82px;\"><\/td>\n<td style=\"width: 131px;\"><\/td>\n<td style=\"width: 344.233px;\"><\/td>\n<td style=\"width: 56.7667px;\"><\/td>\n<td style=\"width: 188px;\"><\/td>\n<\/tr>\n<tr>\n<td style=\"width: 82px;\">DVD<\/td>\n<td style=\"width: 131px;\">Susan Salo<\/td>\n<td style=\"width: 344.233px;\">Foundation Jumping &#8211; 4-DVD set<\/td>\n<td style=\"width: 56.7667px;\"><\/td>\n<td style=\"width: 188px;\"><\/td>\n<\/tr>\n<tr>\n<td style=\"width: 82px;\"><\/td>\n<td style=\"width: 131px;\"><\/td>\n<td style=\"width: 344.233px;\"><\/td>\n<td style=\"width: 56.7667px;\"><\/td>\n<td style=\"width: 188px;\"><\/td>\n<\/tr>\n<tr>\n<td style=\"width: 82px;\">Whisky<\/td>\n<td style=\"width: 131px;\">Laphroaig<\/td>\n<td style=\"width: 344.233px;\"><\/td>\n<td style=\"width: 56.7667px;\"><\/td>\n<td style=\"width: 188px;\"><\/td>\n<\/tr>\n<tr>\n<td style=\"width: 82px;\"><\/td>\n<td style=\"width: 131px;\">Bruichladdich<\/td>\n<td style=\"width: 344.233px;\">Meget gerne &#8220;3D3 Norrie Campbell Tribute Edition&#8221; hvis den stadig findes<\/td>\n<td style=\"width: 56.7667px;\"><\/td>\n<td style=\"width: 188px;\"><\/td>\n<\/tr>\n<tr>\n<td style=\"width: 82px;\"><\/td>\n<td style=\"width: 131px;\">Lagavulin, 16\u00e5rs<\/td>\n<td style=\"width: 344.233px;\"><\/td>\n<td style=\"width: 56.7667px;\"><\/td>\n<td style=\"width: 188px;\"><\/td>\n<\/tr>\n<tr>\n<td style=\"width: 82px;\"><\/td>\n<td style=\"width: 131px;\">Ardbeg<\/td>\n<td style=\"width: 344.233px;\"><\/td>\n<td style=\"width: 56.7667px;\"><\/td>\n<td style=\"width: 188px;\"><\/td>\n<\/tr>\n<tr>\n<td style=\"width: 82px;\"><\/td>\n<td style=\"width: 131px;\">Andet<\/td>\n<td style=\"width: 344.233px;\">Helst noget med r\u00f8g og\/eller t\u00f8rv, gerne fra Islay<\/td>\n<td style=\"width: 56.7667px;\"><\/td>\n<td style=\"width: 188px;\"><\/td>\n<\/tr>\n<tr>\n<td style=\"width: 82px;\"><\/td>\n<td style=\"width: 131px;\"><\/td>\n<td style=\"width: 344.233px;\"><\/td>\n<td style=\"width: 56.7667px;\"><\/td>\n<td style=\"width: 188px;\"><\/td>\n<\/tr>\n<tr>\n<td style=\"width: 82px;\">T\u00f8j<\/td>\n<td style=\"width: 131px;\"><\/td>\n<td style=\"width: 344.233px;\"><\/td>\n<td style=\"width: 56.7667px;\"><\/td>\n<td style=\"width: 188px;\"><\/td>\n<\/tr>\n<tr>\n<td style=\"width: 82px;\"><\/td>\n<td style=\"width: 131px;\"><\/td>\n<td style=\"width: 344.233px;\"><\/td>\n<td style=\"width: 56.7667px;\"><\/td>\n<td style=\"width: 188px;\"><\/td>\n<\/tr>\n<\/tbody>\n<\/table>\n<p>&nbsp;<\/p>\n","protected":false},"excerpt":{"rendered":"<p>Henrik&#8217;s \u00f8nskeseddel er opdateret 3\/12-2017 Kategori \u00d8nske Beskrivelse Pris Forhandler Diverse PC Mus BenQ Zowie EC1-A gaming mus &#8211; large 529 Elgiganten Musem\u00e5tte BenQ Zowie G-SR Gaming musem\u00e5tte (large) 279 Elgiganten Lydb\u00f8ger Martin Jensen &#8220;Mens M\u00f8llen Maler&#8221;, &#8220;Tr\u00e6kfugle&#8221;, &#8220;Magtspor&#8221;, &#8220;Grevens M\u00e6nd&#8221;, &#8220;Mand af \u00c6re&#8221;, &#8220;En Bondes Ord&#8221;, &#8220;Ravneflugt&#8221; &#8220;Den Tredje M\u00f8nt&#8221;, &#8220;Sv\u00e6rets Bid&#8221; Andet Helst &hellip; <a href=\"https:\/\/bogelund.eu\/w4\/henrik\/\" class=\"more-link\">L\u00e6s videre <span class=\"screen-reader-text\">Henrik<\/span> <span class=\"meta-nav\">&rarr;<\/span><\/a><\/p>\n","protected":false},"author":1,"featured_media":0,"parent":0,"menu_order":0,"comment_status":"closed","ping_status":"closed","template":"","meta":{"footnotes":""},"class_list":["post-27","page","type-page","status-publish","hentry"],"_links":{"self":[{"href":"https:\/\/bogelund.eu\/w4\/wp-json\/wp\/v2\/pages\/27","targetHints":{"allow":["GET"]}}],"collection":[{"href":"https:\/\/bogelund.eu\/w4\/wp-json\/wp\/v2\/pages"}],"about":[{"href":"https:\/\/bogelund.eu\/w4\/wp-json\/wp\/v2\/types\/page"}],"author":[{"embeddable":true,"href":"https:\/\/bogelund.eu\/w4\/wp-json\/wp\/v2\/users\/1"}],"replies":[{"embeddable":true,"href":"https:\/\/bogelund.eu\/w4\/wp-json\/wp\/v2\/comments?post=27"}],"version-history":[{"count":9,"href":"https:\/\/bogelund.eu\/w4\/wp-json\/wp\/v2\/pages\/27\/revisions"}],"predecessor-version":[{"id":75,"href":"https:\/\/bogelund.eu\/w4\/wp-json\/wp\/v2\/pages\/27\/revisions\/75"}],"wp:attachment":[{"href":"https:\/\/bogelund.eu\/w4\/wp-json\/wp\/v2\/media?parent=27"}],"curies":[{"name":"wp","href":"https:\/\/api.w.org\/{rel}","templated":true}]}}